{"id":61,"date":"2018-08-10T15:45:54","date_gmt":"2018-08-10T15:45:54","guid":{"rendered":"https:\/\/edesign.com.pa\/web\/?page_id=61"},"modified":"2019-02-20T19:31:21","modified_gmt":"2019-02-20T19:31:21","slug":"compania","status":"publish","type":"page","link":"https:\/\/edesign.com.pa\/web\/compania\/","title":{"rendered":"Compa\u00f1ia"},"content":{"rendered":"<h1 class=\"titulo\">Acerca de Edesign<\/h1>\n<p><img loading=\"lazy\" decoding=\"async\" class=\"alignleft wp-image-489\" src=\"https:\/\/edesign.com.pa\/web\/wp-content\/uploads\/2019\/02\/logo-vertical.jpg\" alt=\"\" width=\"480\" height=\"224\" srcset=\"https:\/\/edesign.com.pa\/web\/wp-content\/uploads\/2019\/02\/logo-vertical.jpg 600w, https:\/\/edesign.com.pa\/web\/wp-content\/uploads\/2019\/02\/logo-vertical-300x140.jpg 300w\" sizes=\"auto, (max-width: 480px) 100vw, 480px\" \/><\/p>\n<p>En EDESIGN nos encanta entretenernos con la mezcla perfecta entre tecnolog\u00eda web y estrategias de negocios. Es nuestra pasi\u00f3n y la hacemos parte de nuestro estilo de vida desde 1999, creando soluciones creativas e innovadoras para su empresa.<\/p>\n<p>Habr\u00e1 muchos en el mercado ofreciendo nuestros servicios, pero nuestra raz\u00f3n de ser es la de ofrecerle la m\u00e1s incre\u00edble experiencia de servicio a nuestros clientes con atenci\u00f3n personalizada y soluciones de calidad, creando as\u00ed una maravillosa relaci\u00f3n comercial de largo plazo, con continuo aporte y generaci\u00f3n de valor para su negocio.<\/p>\n<p>Perm\u00edtanos aterrizar su idea, producto o servicio, en fin, construir y fortalecer su empresa en la nube a trav\u00e9s de las \u00faltimas tendencias de tecnolog\u00eda web, identidad corporativa, mercadeo digital; y as\u00ed, juntos alcanzar el \u00e9xito anhelado.<\/p>\n<h2 class=\"sub-titulo\">Lo que nos identifica<\/h2>\n<div class=\"row identifica\">\n<div class=\"col-md-4\">\n<p>&nbsp;<\/p>\n<h3>Innovaci\u00f3n<\/h3>\n<p>Le ayudamos a crear soluciones que le permitan innovar en su negocio.<\/p>\n<\/div>\n<div class=\"col-md-4\">\n<p>&nbsp;<\/p>\n<h3>Eficiencia<\/h3>\n<p>Contamos con procesos eficaces que optimizan los tiempos de respuesta y<br \/>\nentrega.<\/p>\n<\/div>\n<div class=\"col-md-4\">\n<p>&nbsp;<\/p>\n<h3>Resultados<\/h3>\n<p>Nos esforzamos por siempre mantener clientes tranquilos y felices.<\/p>\n<\/div>\n<\/div>\n<h2 class=\"sub-titulo\">Nuestro Enfoque<\/h2>\n<p><img loading=\"lazy\" decoding=\"async\" class=\"alignleft wp-image-364\" src=\"https:\/\/edesign.com.pa\/web\/wp-content\/uploads\/2019\/02\/tecnologia2-590x230.png\" alt=\"Innovaci\u00f3n Tecnol\u00f3gica\" width=\"405\" height=\"158\" \/><\/p>\n<p>Convertir en realidad la idea de proyecto o negocio en l\u00ednea de nuestro cliente y apoyarle con lo necesario para lograr su \u00e9xito en l\u00ednea.<\/p>\n<p>Queremos convertir los proyectos e ideas de negocios de nuestros clientes en una realidad exitosa que aporte y genere gran valor en su mercado, a trav\u00e9s de lo que mejor sabemos hacer, crear soluciones y servicios de tecnolog\u00eda e identidad corporativa creativas e innovadoras.<\/p>\n<p><a class=\"btn-informacion\" href=\"\/web\/cliente\/\">Clientes mas recientes<\/a><\/p>\n","protected":false},"excerpt":{"rendered":"<p>Acerca de Edesign En EDESIGN nos encanta entretenernos con la mezcla perfecta entre tecnolog\u00eda web y estrategias de negocios. Es nuestra pasi\u00f3n y la hacemos parte de nuestro estilo de vida desde 1999, creando soluciones creativas e innovadoras para su empresa. Habr\u00e1 muchos en el mercado ofreciendo nuestros servicios, pero nuestra raz\u00f3n de ser es [&hellip;]<\/p>\n","protected":false},"author":1,"featured_media":0,"parent":0,"menu_order":0,"comment_status":"closed","ping_status":"closed","template":"full-page.php","meta":{"_joinchat":[],"footnotes":""},"class_list":["post-61","page","type-page","status-publish","hentry"],"yoast_head":"<!-- This site is optimized with the Yoast SEO plugin v24.9 - https:\/\/yoast.com\/wordpress\/plugins\/seo\/ -->\n<title>Compa\u00f1ia - Edesign<\/title>\n<meta name=\"robots\" content=\"index, follow, max-snippet:-1, max-image-preview:large, max-video-preview:-1\" \/>\n<link rel=\"canonical\" href=\"https:\/\/edesign.com.pa\/web\/compania\/\" \/>\n<meta property=\"og:locale\" content=\"es_ES\" \/>\n<meta property=\"og:type\" content=\"article\" \/>\n<meta property=\"og:title\" content=\"Compa\u00f1ia - Edesign\" \/>\n<meta property=\"og:description\" content=\"Acerca de Edesign En EDESIGN nos encanta entretenernos con la mezcla perfecta entre tecnolog\u00eda web y estrategias de negocios. Es nuestra pasi\u00f3n y la hacemos parte de nuestro estilo de vida desde 1999, creando soluciones creativas e innovadoras para su empresa. Habr\u00e1 muchos en el mercado ofreciendo nuestros servicios, pero nuestra raz\u00f3n de ser es [&hellip;]\" \/>\n<meta property=\"og:url\" content=\"https:\/\/edesign.com.pa\/web\/compania\/\" \/>\n<meta property=\"og:site_name\" content=\"Edesign\" \/>\n<meta property=\"article:modified_time\" content=\"2019-02-20T19:31:21+00:00\" \/>\n<meta property=\"og:image\" content=\"https:\/\/edesign.com.pa\/web\/wp-content\/uploads\/2019\/02\/logo-vertical.jpg\" \/>\n<meta name=\"twitter:card\" content=\"summary_large_image\" \/>\n<meta name=\"twitter:label1\" content=\"Tiempo de lectura\" \/>\n\t<meta name=\"twitter:data1\" content=\"1 minuto\" \/>\n<script type=\"application\/ld+json\" class=\"yoast-schema-graph\">{\"@context\":\"https:\/\/schema.org\",\"@graph\":[{\"@type\":\"WebPage\",\"@id\":\"https:\/\/edesign.com.pa\/web\/compania\/\",\"url\":\"https:\/\/edesign.com.pa\/web\/compania\/\",\"name\":\"Compa\u00f1ia - Edesign\",\"isPartOf\":{\"@id\":\"https:\/\/edesign.com.pa\/web\/#website\"},\"primaryImageOfPage\":{\"@id\":\"https:\/\/edesign.com.pa\/web\/compania\/#primaryimage\"},\"image\":{\"@id\":\"https:\/\/edesign.com.pa\/web\/compania\/#primaryimage\"},\"thumbnailUrl\":\"https:\/\/edesign.com.pa\/web\/wp-content\/uploads\/2019\/02\/logo-vertical.jpg\",\"datePublished\":\"2018-08-10T15:45:54+00:00\",\"dateModified\":\"2019-02-20T19:31:21+00:00\",\"breadcrumb\":{\"@id\":\"https:\/\/edesign.com.pa\/web\/compania\/#breadcrumb\"},\"inLanguage\":\"es\",\"potentialAction\":[{\"@type\":\"ReadAction\",\"target\":[\"https:\/\/edesign.com.pa\/web\/compania\/\"]}]},{\"@type\":\"ImageObject\",\"inLanguage\":\"es\",\"@id\":\"https:\/\/edesign.com.pa\/web\/compania\/#primaryimage\",\"url\":\"https:\/\/edesign.com.pa\/web\/wp-content\/uploads\/2019\/02\/logo-vertical.jpg\",\"contentUrl\":\"https:\/\/edesign.com.pa\/web\/wp-content\/uploads\/2019\/02\/logo-vertical.jpg\",\"width\":600,\"height\":280},{\"@type\":\"BreadcrumbList\",\"@id\":\"https:\/\/edesign.com.pa\/web\/compania\/#breadcrumb\",\"itemListElement\":[{\"@type\":\"ListItem\",\"position\":1,\"name\":\"Inicio\",\"item\":\"https:\/\/edesign.com.pa\/web\/\"},{\"@type\":\"ListItem\",\"position\":2,\"name\":\"Compa\u00f1ia\"}]},{\"@type\":\"WebSite\",\"@id\":\"https:\/\/edesign.com.pa\/web\/#website\",\"url\":\"https:\/\/edesign.com.pa\/web\/\",\"name\":\"Edesign\",\"description\":\"Dise\u00f1o y Desarrollo de Aplicaciones Web\",\"publisher\":{\"@id\":\"https:\/\/edesign.com.pa\/web\/#organization\"},\"potentialAction\":[{\"@type\":\"SearchAction\",\"target\":{\"@type\":\"EntryPoint\",\"urlTemplate\":\"https:\/\/edesign.com.pa\/web\/?s={search_term_string}\"},\"query-input\":{\"@type\":\"PropertyValueSpecification\",\"valueRequired\":true,\"valueName\":\"search_term_string\"}}],\"inLanguage\":\"es\"},{\"@type\":\"Organization\",\"@id\":\"https:\/\/edesign.com.pa\/web\/#organization\",\"name\":\"Edesign\",\"url\":\"https:\/\/edesign.com.pa\/web\/\",\"logo\":{\"@type\":\"ImageObject\",\"inLanguage\":\"es\",\"@id\":\"https:\/\/edesign.com.pa\/web\/#\/schema\/logo\/image\/\",\"url\":\"https:\/\/i1.wp.com\/edesign.com.pa\/web\/wp-content\/uploads\/2019\/02\/logo-edesign.png?fit=1000%2C235&ssl=1\",\"contentUrl\":\"https:\/\/i1.wp.com\/edesign.com.pa\/web\/wp-content\/uploads\/2019\/02\/logo-edesign.png?fit=1000%2C235&ssl=1\",\"width\":1000,\"height\":235,\"caption\":\"Edesign\"},\"image\":{\"@id\":\"https:\/\/edesign.com.pa\/web\/#\/schema\/logo\/image\/\"}}]}<\/script>\n<!-- \/ Yoast SEO plugin. -->","yoast_head_json":{"title":"Compa\u00f1ia - Edesign","robots":{"index":"index","follow":"follow","max-snippet":"max-snippet:-1","max-image-preview":"max-image-preview:large","max-video-preview":"max-video-preview:-1"},"canonical":"https:\/\/edesign.com.pa\/web\/compania\/","og_locale":"es_ES","og_type":"article","og_title":"Compa\u00f1ia - Edesign","og_description":"Acerca de Edesign En EDESIGN nos encanta entretenernos con la mezcla perfecta entre tecnolog\u00eda web y estrategias de negocios. Es nuestra pasi\u00f3n y la hacemos parte de nuestro estilo de vida desde 1999, creando soluciones creativas e innovadoras para su empresa. Habr\u00e1 muchos en el mercado ofreciendo nuestros servicios, pero nuestra raz\u00f3n de ser es [&hellip;]","og_url":"https:\/\/edesign.com.pa\/web\/compania\/","og_site_name":"Edesign","article_modified_time":"2019-02-20T19:31:21+00:00","og_image":[{"url":"https:\/\/edesign.com.pa\/web\/wp-content\/uploads\/2019\/02\/logo-vertical.jpg","type":"","width":"","height":""}],"twitter_card":"summary_large_image","twitter_misc":{"Tiempo de lectura":"1 minuto"},"schema":{"@context":"https:\/\/schema.org","@graph":[{"@type":"WebPage","@id":"https:\/\/edesign.com.pa\/web\/compania\/","url":"https:\/\/edesign.com.pa\/web\/compania\/","name":"Compa\u00f1ia - Edesign","isPartOf":{"@id":"https:\/\/edesign.com.pa\/web\/#website"},"primaryImageOfPage":{"@id":"https:\/\/edesign.com.pa\/web\/compania\/#primaryimage"},"image":{"@id":"https:\/\/edesign.com.pa\/web\/compania\/#primaryimage"},"thumbnailUrl":"https:\/\/edesign.com.pa\/web\/wp-content\/uploads\/2019\/02\/logo-vertical.jpg","datePublished":"2018-08-10T15:45:54+00:00","dateModified":"2019-02-20T19:31:21+00:00","breadcrumb":{"@id":"https:\/\/edesign.com.pa\/web\/compania\/#breadcrumb"},"inLanguage":"es","potentialAction":[{"@type":"ReadAction","target":["https:\/\/edesign.com.pa\/web\/compania\/"]}]},{"@type":"ImageObject","inLanguage":"es","@id":"https:\/\/edesign.com.pa\/web\/compania\/#primaryimage","url":"https:\/\/edesign.com.pa\/web\/wp-content\/uploads\/2019\/02\/logo-vertical.jpg","contentUrl":"https:\/\/edesign.com.pa\/web\/wp-content\/uploads\/2019\/02\/logo-vertical.jpg","width":600,"height":280},{"@type":"BreadcrumbList","@id":"https:\/\/edesign.com.pa\/web\/compania\/#breadcrumb","itemListElement":[{"@type":"ListItem","position":1,"name":"Inicio","item":"https:\/\/edesign.com.pa\/web\/"},{"@type":"ListItem","position":2,"name":"Compa\u00f1ia"}]},{"@type":"WebSite","@id":"https:\/\/edesign.com.pa\/web\/#website","url":"https:\/\/edesign.com.pa\/web\/","name":"Edesign","description":"Dise\u00f1o y Desarrollo de Aplicaciones Web","publisher":{"@id":"https:\/\/edesign.com.pa\/web\/#organization"},"potentialAction":[{"@type":"SearchAction","target":{"@type":"EntryPoint","urlTemplate":"https:\/\/edesign.com.pa\/web\/?s={search_term_string}"},"query-input":{"@type":"PropertyValueSpecification","valueRequired":true,"valueName":"search_term_string"}}],"inLanguage":"es"},{"@type":"Organization","@id":"https:\/\/edesign.com.pa\/web\/#organization","name":"Edesign","url":"https:\/\/edesign.com.pa\/web\/","logo":{"@type":"ImageObject","inLanguage":"es","@id":"https:\/\/edesign.com.pa\/web\/#\/schema\/logo\/image\/","url":"https:\/\/i1.wp.com\/edesign.com.pa\/web\/wp-content\/uploads\/2019\/02\/logo-edesign.png?fit=1000%2C235&ssl=1","contentUrl":"https:\/\/i1.wp.com\/edesign.com.pa\/web\/wp-content\/uploads\/2019\/02\/logo-edesign.png?fit=1000%2C235&ssl=1","width":1000,"height":235,"caption":"Edesign"},"image":{"@id":"https:\/\/edesign.com.pa\/web\/#\/schema\/logo\/image\/"}}]}},"_links":{"self":[{"href":"https:\/\/edesign.com.pa\/web\/wp-json\/wp\/v2\/pages\/61","targetHints":{"allow":["GET"]}}],"collection":[{"href":"https:\/\/edesign.com.pa\/web\/wp-json\/wp\/v2\/pages"}],"about":[{"href":"https:\/\/edesign.com.pa\/web\/wp-json\/wp\/v2\/types\/page"}],"author":[{"embeddable":true,"href":"https:\/\/edesign.com.pa\/web\/wp-json\/wp\/v2\/users\/1"}],"replies":[{"embeddable":true,"href":"https:\/\/edesign.com.pa\/web\/wp-json\/wp\/v2\/comments?post=61"}],"version-history":[{"count":0,"href":"https:\/\/edesign.com.pa\/web\/wp-json\/wp\/v2\/pages\/61\/revisions"}],"wp:attachment":[{"href":"https:\/\/edesign.com.pa\/web\/wp-json\/wp\/v2\/media?parent=61"}],"curies":[{"name":"wp","href":"https:\/\/api.w.org\/{rel}","templated":true}]}}