{"id":6,"date":"2018-08-05T00:03:19","date_gmt":"2018-08-05T00:03:19","guid":{"rendered":"https:\/\/edesign.com.pa\/web\/?page_id=6"},"modified":"2019-03-25T17:18:40","modified_gmt":"2019-03-25T17:18:40","slug":"inicio","status":"publish","type":"page","link":"https:\/\/edesign.com.pa\/web\/","title":{"rendered":"Inicio"},"content":{"rendered":"","protected":false},"excerpt":{"rendered":"","protected":false},"author":1,"featured_media":0,"parent":0,"menu_order":0,"comment_status":"closed","ping_status":"closed","template":"","meta":{"_joinchat":[],"footnotes":""},"class_list":["post-6","page","type-page","status-publish","hentry"],"yoast_head":"<!-- This site is optimized with the Yoast SEO plugin v24.9 - https:\/\/yoast.com\/wordpress\/plugins\/seo\/ -->\n<title>Dise\u00f1o y Desarrollo de Aplicaciones Web | Edesign Panam\u00e1<\/title>\n<meta name=\"description\" content=\"Dise\u00f1amos y desarrollamos aplicaciones web en Panam\u00e1, servidores robustos, registro de dominios, marketing digital. Info@edesign.com.pa\" \/>\n<meta name=\"robots\" content=\"index, follow, max-snippet:-1, max-image-preview:large, max-video-preview:-1\" \/>\n<link rel=\"canonical\" href=\"https:\/\/edesign.com.pa\/web\/\" \/>\n<meta property=\"og:locale\" content=\"es_ES\" \/>\n<meta property=\"og:type\" content=\"article\" \/>\n<meta property=\"og:title\" content=\"Dise\u00f1o y Desarrollo de Aplicaciones Web | Edesign Panam\u00e1\" \/>\n<meta property=\"og:description\" content=\"Dise\u00f1amos y desarrollamos aplicaciones web en Panam\u00e1, servidores robustos, registro de dominios, marketing digital. Info@edesign.com.pa\" \/>\n<meta property=\"og:url\" content=\"https:\/\/edesign.com.pa\/web\/\" \/>\n<meta property=\"og:site_name\" content=\"Edesign\" \/>\n<meta property=\"article:modified_time\" content=\"2019-03-25T17:18:40+00:00\" \/>\n<meta name=\"twitter:card\" content=\"summary_large_image\" \/>\n<script type=\"application\/ld+json\" class=\"yoast-schema-graph\">{\"@context\":\"https:\/\/schema.org\",\"@graph\":[{\"@type\":\"WebPage\",\"@id\":\"https:\/\/edesign.com.pa\/web\/\",\"url\":\"https:\/\/edesign.com.pa\/web\/\",\"name\":\"Dise\u00f1o y Desarrollo de Aplicaciones Web | Edesign Panam\u00e1\",\"isPartOf\":{\"@id\":\"https:\/\/edesign.com.pa\/web\/#website\"},\"datePublished\":\"2018-08-05T00:03:19+00:00\",\"dateModified\":\"2019-03-25T17:18:40+00:00\",\"description\":\"Dise\u00f1amos y desarrollamos aplicaciones web en Panam\u00e1, servidores robustos, registro de dominios, marketing digital. Info@edesign.com.pa\",\"breadcrumb\":{\"@id\":\"https:\/\/edesign.com.pa\/web\/#breadcrumb\"},\"inLanguage\":\"es\",\"potentialAction\":[{\"@type\":\"ReadAction\",\"target\":[\"https:\/\/edesign.com.pa\/web\/\"]}]},{\"@type\":\"BreadcrumbList\",\"@id\":\"https:\/\/edesign.com.pa\/web\/#breadcrumb\",\"itemListElement\":[{\"@type\":\"ListItem\",\"position\":1,\"name\":\"Inicio\",\"item\":\"https:\/\/edesign.com.pa\/web\/\"},{\"@type\":\"ListItem\",\"position\":2,\"name\":\"Inicio\"}]},{\"@type\":\"WebSite\",\"@id\":\"https:\/\/edesign.com.pa\/web\/#website\",\"url\":\"https:\/\/edesign.com.pa\/web\/\",\"name\":\"Edesign\",\"description\":\"Dise\u00f1o y Desarrollo de Aplicaciones Web\",\"publisher\":{\"@id\":\"https:\/\/edesign.com.pa\/web\/#organization\"},\"potentialAction\":[{\"@type\":\"SearchAction\",\"target\":{\"@type\":\"EntryPoint\",\"urlTemplate\":\"https:\/\/edesign.com.pa\/web\/?s={search_term_string}\"},\"query-input\":{\"@type\":\"PropertyValueSpecification\",\"valueRequired\":true,\"valueName\":\"search_term_string\"}}],\"inLanguage\":\"es\"},{\"@type\":\"Organization\",\"@id\":\"https:\/\/edesign.com.pa\/web\/#organization\",\"name\":\"Edesign\",\"url\":\"https:\/\/edesign.com.pa\/web\/\",\"logo\":{\"@type\":\"ImageObject\",\"inLanguage\":\"es\",\"@id\":\"https:\/\/edesign.com.pa\/web\/#\/schema\/logo\/image\/\",\"url\":\"https:\/\/i1.wp.com\/edesign.com.pa\/web\/wp-content\/uploads\/2019\/02\/logo-edesign.png?fit=1000%2C235&ssl=1\",\"contentUrl\":\"https:\/\/i1.wp.com\/edesign.com.pa\/web\/wp-content\/uploads\/2019\/02\/logo-edesign.png?fit=1000%2C235&ssl=1\",\"width\":1000,\"height\":235,\"caption\":\"Edesign\"},\"image\":{\"@id\":\"https:\/\/edesign.com.pa\/web\/#\/schema\/logo\/image\/\"}}]}<\/script>\n<!-- \/ Yoast SEO plugin. -->","yoast_head_json":{"title":"Dise\u00f1o y Desarrollo de Aplicaciones Web | Edesign Panam\u00e1","description":"Dise\u00f1amos y desarrollamos aplicaciones web en Panam\u00e1, servidores robustos, registro de dominios, marketing digital. Info@edesign.com.pa","robots":{"index":"index","follow":"follow","max-snippet":"max-snippet:-1","max-image-preview":"max-image-preview:large","max-video-preview":"max-video-preview:-1"},"canonical":"https:\/\/edesign.com.pa\/web\/","og_locale":"es_ES","og_type":"article","og_title":"Dise\u00f1o y Desarrollo de Aplicaciones Web | Edesign Panam\u00e1","og_description":"Dise\u00f1amos y desarrollamos aplicaciones web en Panam\u00e1, servidores robustos, registro de dominios, marketing digital. Info@edesign.com.pa","og_url":"https:\/\/edesign.com.pa\/web\/","og_site_name":"Edesign","article_modified_time":"2019-03-25T17:18:40+00:00","twitter_card":"summary_large_image","schema":{"@context":"https:\/\/schema.org","@graph":[{"@type":"WebPage","@id":"https:\/\/edesign.com.pa\/web\/","url":"https:\/\/edesign.com.pa\/web\/","name":"Dise\u00f1o y Desarrollo de Aplicaciones Web | Edesign Panam\u00e1","isPartOf":{"@id":"https:\/\/edesign.com.pa\/web\/#website"},"datePublished":"2018-08-05T00:03:19+00:00","dateModified":"2019-03-25T17:18:40+00:00","description":"Dise\u00f1amos y desarrollamos aplicaciones web en Panam\u00e1, servidores robustos, registro de dominios, marketing digital. Info@edesign.com.pa","breadcrumb":{"@id":"https:\/\/edesign.com.pa\/web\/#breadcrumb"},"inLanguage":"es","potentialAction":[{"@type":"ReadAction","target":["https:\/\/edesign.com.pa\/web\/"]}]},{"@type":"BreadcrumbList","@id":"https:\/\/edesign.com.pa\/web\/#breadcrumb","itemListElement":[{"@type":"ListItem","position":1,"name":"Inicio","item":"https:\/\/edesign.com.pa\/web\/"},{"@type":"ListItem","position":2,"name":"Inicio"}]},{"@type":"WebSite","@id":"https:\/\/edesign.com.pa\/web\/#website","url":"https:\/\/edesign.com.pa\/web\/","name":"Edesign","description":"Dise\u00f1o y Desarrollo de Aplicaciones Web","publisher":{"@id":"https:\/\/edesign.com.pa\/web\/#organization"},"potentialAction":[{"@type":"SearchAction","target":{"@type":"EntryPoint","urlTemplate":"https:\/\/edesign.com.pa\/web\/?s={search_term_string}"},"query-input":{"@type":"PropertyValueSpecification","valueRequired":true,"valueName":"search_term_string"}}],"inLanguage":"es"},{"@type":"Organization","@id":"https:\/\/edesign.com.pa\/web\/#organization","name":"Edesign","url":"https:\/\/edesign.com.pa\/web\/","logo":{"@type":"ImageObject","inLanguage":"es","@id":"https:\/\/edesign.com.pa\/web\/#\/schema\/logo\/image\/","url":"https:\/\/i1.wp.com\/edesign.com.pa\/web\/wp-content\/uploads\/2019\/02\/logo-edesign.png?fit=1000%2C235&ssl=1","contentUrl":"https:\/\/i1.wp.com\/edesign.com.pa\/web\/wp-content\/uploads\/2019\/02\/logo-edesign.png?fit=1000%2C235&ssl=1","width":1000,"height":235,"caption":"Edesign"},"image":{"@id":"https:\/\/edesign.com.pa\/web\/#\/schema\/logo\/image\/"}}]}},"_links":{"self":[{"href":"https:\/\/edesign.com.pa\/web\/wp-json\/wp\/v2\/pages\/6","targetHints":{"allow":["GET"]}}],"collection":[{"href":"https:\/\/edesign.com.pa\/web\/wp-json\/wp\/v2\/pages"}],"about":[{"href":"https:\/\/edesign.com.pa\/web\/wp-json\/wp\/v2\/types\/page"}],"author":[{"embeddable":true,"href":"https:\/\/edesign.com.pa\/web\/wp-json\/wp\/v2\/users\/1"}],"replies":[{"embeddable":true,"href":"https:\/\/edesign.com.pa\/web\/wp-json\/wp\/v2\/comments?post=6"}],"version-history":[{"count":0,"href":"https:\/\/edesign.com.pa\/web\/wp-json\/wp\/v2\/pages\/6\/revisions"}],"wp:attachment":[{"href":"https:\/\/edesign.com.pa\/web\/wp-json\/wp\/v2\/media?parent=6"}],"curies":[{"name":"wp","href":"https:\/\/api.w.org\/{rel}","templated":true}]}}