{"id":152,"date":"2018-08-17T19:46:20","date_gmt":"2018-08-17T19:46:20","guid":{"rendered":"https:\/\/edesign.com.pa\/web\/?page_id=152"},"modified":"2019-02-10T22:12:54","modified_gmt":"2019-02-10T22:12:54","slug":"diseno-grafico","status":"publish","type":"page","link":"https:\/\/edesign.com.pa\/web\/diseno-grafico\/","title":{"rendered":"Dise\u00f1o Gr\u00e1fico"},"content":{"rendered":"<hr \/>\n<h2 style=\"text-align: center;\">Sentamos las bases de la imagen de su negocio. Nuestro equipo de dise\u00f1adores le ofrece todo tipo de soluciones gr\u00e1ficas para su negocio<\/h2>\n<div class=\"row \">\n<div class=\"col-md-6\">\n<p>     <img loading=\"lazy\" decoding=\"async\" src=\"https:\/\/edesign.com.pa\/web\/wp-content\/uploads\/2018\/10\/catalogo-de-productos.jpg\" alt=\"\" width=\"536\" height=\"300\" class=\"alignleft size-full wp-image-298\" srcset=\"https:\/\/edesign.com.pa\/web\/wp-content\/uploads\/2018\/10\/catalogo-de-productos.jpg 536w, https:\/\/edesign.com.pa\/web\/wp-content\/uploads\/2018\/10\/catalogo-de-productos-300x168.jpg 300w\" sizes=\"auto, (max-width: 536px) 100vw, 536px\" \/><\/p>\n<h2 class=\"titulo-servicios\">Cat\u00e1logo de Productos<\/h2>\n<\/p><\/div>\n<div class=\"col-md-6\">\n      <img loading=\"lazy\" decoding=\"async\" src=\"https:\/\/edesign.com.pa\/web\/wp-content\/uploads\/2018\/10\/afiches.jpg\" alt=\"\" width=\"536\" height=\"300\" class=\"alignleft size-full wp-image-297\" srcset=\"https:\/\/edesign.com.pa\/web\/wp-content\/uploads\/2018\/10\/afiches.jpg 536w, https:\/\/edesign.com.pa\/web\/wp-content\/uploads\/2018\/10\/afiches-300x168.jpg 300w\" sizes=\"auto, (max-width: 536px) 100vw, 536px\" \/><\/p>\n<h2 class=\"titulo-servicios\">Afiches<\/h2>\n<\/p><\/div>\n<div class=\"col-md-6\">\n    <img loading=\"lazy\" decoding=\"async\" src=\"https:\/\/edesign.com.pa\/web\/wp-content\/uploads\/2018\/10\/revista.jpg\" alt=\"\" width=\"536\" height=\"300\" class=\"alignleft size-full wp-image-296\" srcset=\"https:\/\/edesign.com.pa\/web\/wp-content\/uploads\/2018\/10\/revista.jpg 536w, https:\/\/edesign.com.pa\/web\/wp-content\/uploads\/2018\/10\/revista-300x168.jpg 300w\" sizes=\"auto, (max-width: 536px) 100vw, 536px\" \/><\/p>\n<h2 class=\"titulo-servicios\">Revistas<\/h2>\n<\/p><\/div>\n<div class=\"col-md-6\">\n        <img loading=\"lazy\" decoding=\"async\" src=\"https:\/\/edesign.com.pa\/web\/wp-content\/uploads\/2019\/02\/Logos.jpg\" alt=\"\" width=\"536\" height=\"300\" class=\"alignleft size-full wp-image-295\" \/><\/p>\n<h2 class=\"titulo-servicios\">Logos<\/h2>\n<\/p><\/div>\n<div class=\"col-md-6\">\n        <img loading=\"lazy\" decoding=\"async\" src=\"https:\/\/edesign.com.pa\/web\/wp-content\/uploads\/2019\/02\/brochoure-carpetas.jpg\" alt=\"\" width=\"536\" height=\"300\" class=\"alignleft size-full wp-image-295\" \/><\/p>\n<h2 class=\"titulo-servicios\">Brochure y Carpetas<\/h2>\n<\/p><\/div>\n<div class=\"col-md-6\">\n      <img loading=\"lazy\" decoding=\"async\" src=\"https:\/\/edesign.com.pa\/web\/wp-content\/uploads\/2019\/02\/papeleria-corporativa.jpg\" alt=\"\" width=\"536\" height=\"300\" class=\"alignleft size-full wp-image-295\" \/><\/p>\n<h2 class=\"titulo-servicios\">Papeler\u00eda Corporativa (Tarjetas, membretes, facturas)<\/h2>\n<\/p><\/div>\n<\/div>\n<p><a class=\"btn-informacion\" href=\"\/web\/contacto\/\">Cont\u00e1ctenos para mayor informaci\u00f3n<\/a><\/p>\n","protected":false},"excerpt":{"rendered":"<p>Sentamos las bases de la imagen de su negocio. Nuestro equipo de dise\u00f1adores le ofrece todo tipo de soluciones gr\u00e1ficas para su negocio Cat\u00e1logo de Productos Afiches Revistas Logos Brochure y Carpetas Papeler\u00eda Corporativa (Tarjetas, membretes, facturas) Cont\u00e1ctenos para mayor informaci\u00f3n<\/p>\n","protected":false},"author":1,"featured_media":0,"parent":0,"menu_order":0,"comment_status":"closed","ping_status":"closed","template":"","meta":{"_joinchat":[],"footnotes":""},"class_list":["post-152","page","type-page","status-publish","hentry"],"yoast_head":"<!-- This site is optimized with the Yoast SEO plugin v24.9 - https:\/\/yoast.com\/wordpress\/plugins\/seo\/ -->\n<title>Dise\u00f1o Gr\u00e1fico - Edesign<\/title>\n<meta name=\"robots\" content=\"index, follow, max-snippet:-1, max-image-preview:large, max-video-preview:-1\" \/>\n<link rel=\"canonical\" href=\"https:\/\/edesign.com.pa\/web\/diseno-grafico\/\" \/>\n<meta property=\"og:locale\" content=\"es_ES\" \/>\n<meta property=\"og:type\" content=\"article\" \/>\n<meta property=\"og:title\" content=\"Dise\u00f1o Gr\u00e1fico - Edesign\" \/>\n<meta property=\"og:description\" content=\"Sentamos las bases de la imagen de su negocio. Nuestro equipo de dise\u00f1adores le ofrece todo tipo de soluciones gr\u00e1ficas para su negocio Cat\u00e1logo de Productos Afiches Revistas Logos Brochure y Carpetas Papeler\u00eda Corporativa (Tarjetas, membretes, facturas) Cont\u00e1ctenos para mayor informaci\u00f3n\" \/>\n<meta property=\"og:url\" content=\"https:\/\/edesign.com.pa\/web\/diseno-grafico\/\" \/>\n<meta property=\"og:site_name\" content=\"Edesign\" \/>\n<meta property=\"article:modified_time\" content=\"2019-02-10T22:12:54+00:00\" \/>\n<meta property=\"og:image\" content=\"https:\/\/edesign.com.pa\/web\/wp-content\/uploads\/2018\/10\/catalogo-de-productos.jpg\" \/>\n<meta name=\"twitter:card\" content=\"summary_large_image\" \/>\n<script type=\"application\/ld+json\" class=\"yoast-schema-graph\">{\"@context\":\"https:\/\/schema.org\",\"@graph\":[{\"@type\":\"WebPage\",\"@id\":\"https:\/\/edesign.com.pa\/web\/diseno-grafico\/\",\"url\":\"https:\/\/edesign.com.pa\/web\/diseno-grafico\/\",\"name\":\"Dise\u00f1o Gr\u00e1fico - Edesign\",\"isPartOf\":{\"@id\":\"https:\/\/edesign.com.pa\/web\/#website\"},\"primaryImageOfPage\":{\"@id\":\"https:\/\/edesign.com.pa\/web\/diseno-grafico\/#primaryimage\"},\"image\":{\"@id\":\"https:\/\/edesign.com.pa\/web\/diseno-grafico\/#primaryimage\"},\"thumbnailUrl\":\"https:\/\/edesign.com.pa\/web\/wp-content\/uploads\/2018\/10\/catalogo-de-productos.jpg\",\"datePublished\":\"2018-08-17T19:46:20+00:00\",\"dateModified\":\"2019-02-10T22:12:54+00:00\",\"breadcrumb\":{\"@id\":\"https:\/\/edesign.com.pa\/web\/diseno-grafico\/#breadcrumb\"},\"inLanguage\":\"es\",\"potentialAction\":[{\"@type\":\"ReadAction\",\"target\":[\"https:\/\/edesign.com.pa\/web\/diseno-grafico\/\"]}]},{\"@type\":\"ImageObject\",\"inLanguage\":\"es\",\"@id\":\"https:\/\/edesign.com.pa\/web\/diseno-grafico\/#primaryimage\",\"url\":\"https:\/\/edesign.com.pa\/web\/wp-content\/uploads\/2018\/10\/catalogo-de-productos.jpg\",\"contentUrl\":\"https:\/\/edesign.com.pa\/web\/wp-content\/uploads\/2018\/10\/catalogo-de-productos.jpg\",\"width\":536,\"height\":300},{\"@type\":\"BreadcrumbList\",\"@id\":\"https:\/\/edesign.com.pa\/web\/diseno-grafico\/#breadcrumb\",\"itemListElement\":[{\"@type\":\"ListItem\",\"position\":1,\"name\":\"Inicio\",\"item\":\"https:\/\/edesign.com.pa\/web\/\"},{\"@type\":\"ListItem\",\"position\":2,\"name\":\"Dise\u00f1o Gr\u00e1fico\"}]},{\"@type\":\"WebSite\",\"@id\":\"https:\/\/edesign.com.pa\/web\/#website\",\"url\":\"https:\/\/edesign.com.pa\/web\/\",\"name\":\"Edesign\",\"description\":\"Dise\u00f1o y Desarrollo de Aplicaciones Web\",\"publisher\":{\"@id\":\"https:\/\/edesign.com.pa\/web\/#organization\"},\"potentialAction\":[{\"@type\":\"SearchAction\",\"target\":{\"@type\":\"EntryPoint\",\"urlTemplate\":\"https:\/\/edesign.com.pa\/web\/?s={search_term_string}\"},\"query-input\":{\"@type\":\"PropertyValueSpecification\",\"valueRequired\":true,\"valueName\":\"search_term_string\"}}],\"inLanguage\":\"es\"},{\"@type\":\"Organization\",\"@id\":\"https:\/\/edesign.com.pa\/web\/#organization\",\"name\":\"Edesign\",\"url\":\"https:\/\/edesign.com.pa\/web\/\",\"logo\":{\"@type\":\"ImageObject\",\"inLanguage\":\"es\",\"@id\":\"https:\/\/edesign.com.pa\/web\/#\/schema\/logo\/image\/\",\"url\":\"https:\/\/i1.wp.com\/edesign.com.pa\/web\/wp-content\/uploads\/2019\/02\/logo-edesign.png?fit=1000%2C235&ssl=1\",\"contentUrl\":\"https:\/\/i1.wp.com\/edesign.com.pa\/web\/wp-content\/uploads\/2019\/02\/logo-edesign.png?fit=1000%2C235&ssl=1\",\"width\":1000,\"height\":235,\"caption\":\"Edesign\"},\"image\":{\"@id\":\"https:\/\/edesign.com.pa\/web\/#\/schema\/logo\/image\/\"}}]}<\/script>\n<!-- \/ Yoast SEO plugin. -->","yoast_head_json":{"title":"Dise\u00f1o Gr\u00e1fico - Edesign","robots":{"index":"index","follow":"follow","max-snippet":"max-snippet:-1","max-image-preview":"max-image-preview:large","max-video-preview":"max-video-preview:-1"},"canonical":"https:\/\/edesign.com.pa\/web\/diseno-grafico\/","og_locale":"es_ES","og_type":"article","og_title":"Dise\u00f1o Gr\u00e1fico - Edesign","og_description":"Sentamos las bases de la imagen de su negocio. Nuestro equipo de dise\u00f1adores le ofrece todo tipo de soluciones gr\u00e1ficas para su negocio Cat\u00e1logo de Productos Afiches Revistas Logos Brochure y Carpetas Papeler\u00eda Corporativa (Tarjetas, membretes, facturas) Cont\u00e1ctenos para mayor informaci\u00f3n","og_url":"https:\/\/edesign.com.pa\/web\/diseno-grafico\/","og_site_name":"Edesign","article_modified_time":"2019-02-10T22:12:54+00:00","og_image":[{"url":"https:\/\/edesign.com.pa\/web\/wp-content\/uploads\/2018\/10\/catalogo-de-productos.jpg","type":"","width":"","height":""}],"twitter_card":"summary_large_image","schema":{"@context":"https:\/\/schema.org","@graph":[{"@type":"WebPage","@id":"https:\/\/edesign.com.pa\/web\/diseno-grafico\/","url":"https:\/\/edesign.com.pa\/web\/diseno-grafico\/","name":"Dise\u00f1o Gr\u00e1fico - Edesign","isPartOf":{"@id":"https:\/\/edesign.com.pa\/web\/#website"},"primaryImageOfPage":{"@id":"https:\/\/edesign.com.pa\/web\/diseno-grafico\/#primaryimage"},"image":{"@id":"https:\/\/edesign.com.pa\/web\/diseno-grafico\/#primaryimage"},"thumbnailUrl":"https:\/\/edesign.com.pa\/web\/wp-content\/uploads\/2018\/10\/catalogo-de-productos.jpg","datePublished":"2018-08-17T19:46:20+00:00","dateModified":"2019-02-10T22:12:54+00:00","breadcrumb":{"@id":"https:\/\/edesign.com.pa\/web\/diseno-grafico\/#breadcrumb"},"inLanguage":"es","potentialAction":[{"@type":"ReadAction","target":["https:\/\/edesign.com.pa\/web\/diseno-grafico\/"]}]},{"@type":"ImageObject","inLanguage":"es","@id":"https:\/\/edesign.com.pa\/web\/diseno-grafico\/#primaryimage","url":"https:\/\/edesign.com.pa\/web\/wp-content\/uploads\/2018\/10\/catalogo-de-productos.jpg","contentUrl":"https:\/\/edesign.com.pa\/web\/wp-content\/uploads\/2018\/10\/catalogo-de-productos.jpg","width":536,"height":300},{"@type":"BreadcrumbList","@id":"https:\/\/edesign.com.pa\/web\/diseno-grafico\/#breadcrumb","itemListElement":[{"@type":"ListItem","position":1,"name":"Inicio","item":"https:\/\/edesign.com.pa\/web\/"},{"@type":"ListItem","position":2,"name":"Dise\u00f1o Gr\u00e1fico"}]},{"@type":"WebSite","@id":"https:\/\/edesign.com.pa\/web\/#website","url":"https:\/\/edesign.com.pa\/web\/","name":"Edesign","description":"Dise\u00f1o y Desarrollo de Aplicaciones Web","publisher":{"@id":"https:\/\/edesign.com.pa\/web\/#organization"},"potentialAction":[{"@type":"SearchAction","target":{"@type":"EntryPoint","urlTemplate":"https:\/\/edesign.com.pa\/web\/?s={search_term_string}"},"query-input":{"@type":"PropertyValueSpecification","valueRequired":true,"valueName":"search_term_string"}}],"inLanguage":"es"},{"@type":"Organization","@id":"https:\/\/edesign.com.pa\/web\/#organization","name":"Edesign","url":"https:\/\/edesign.com.pa\/web\/","logo":{"@type":"ImageObject","inLanguage":"es","@id":"https:\/\/edesign.com.pa\/web\/#\/schema\/logo\/image\/","url":"https:\/\/i1.wp.com\/edesign.com.pa\/web\/wp-content\/uploads\/2019\/02\/logo-edesign.png?fit=1000%2C235&ssl=1","contentUrl":"https:\/\/i1.wp.com\/edesign.com.pa\/web\/wp-content\/uploads\/2019\/02\/logo-edesign.png?fit=1000%2C235&ssl=1","width":1000,"height":235,"caption":"Edesign"},"image":{"@id":"https:\/\/edesign.com.pa\/web\/#\/schema\/logo\/image\/"}}]}},"_links":{"self":[{"href":"https:\/\/edesign.com.pa\/web\/wp-json\/wp\/v2\/pages\/152","targetHints":{"allow":["GET"]}}],"collection":[{"href":"https:\/\/edesign.com.pa\/web\/wp-json\/wp\/v2\/pages"}],"about":[{"href":"https:\/\/edesign.com.pa\/web\/wp-json\/wp\/v2\/types\/page"}],"author":[{"embeddable":true,"href":"https:\/\/edesign.com.pa\/web\/wp-json\/wp\/v2\/users\/1"}],"replies":[{"embeddable":true,"href":"https:\/\/edesign.com.pa\/web\/wp-json\/wp\/v2\/comments?post=152"}],"version-history":[{"count":0,"href":"https:\/\/edesign.com.pa\/web\/wp-json\/wp\/v2\/pages\/152\/revisions"}],"wp:attachment":[{"href":"https:\/\/edesign.com.pa\/web\/wp-json\/wp\/v2\/media?parent=152"}],"curies":[{"name":"wp","href":"https:\/\/api.w.org\/{rel}","templated":true}]}}