{"id":150,"date":"2018-08-17T19:46:02","date_gmt":"2018-08-17T19:46:02","guid":{"rendered":"https:\/\/edesign.com.pa\/web\/?page_id=150"},"modified":"2025-04-23T14:32:44","modified_gmt":"2025-04-23T14:32:44","slug":"publicidad-2","status":"publish","type":"page","link":"https:\/\/edesign.com.pa\/web\/publicidad-2\/","title":{"rendered":"Publicidad"},"content":{"rendered":"<hr \/>\n<h2 style=\"text-align: center;\">Ofrecemos una variedad de soluciones innovadoras para ayudar que su marca o identidad de su empresa se comunique de manera efectiva a trav\u00e9s de la publicidad para interior y exterior.<\/h2>\n<div class=\"row \">\n<div class=\"col-md-6\"><img loading=\"lazy\" decoding=\"async\" class=\"alignleft size-full wp-image-292\" src=\"https:\/\/edesign.com.pa\/web\/wp-content\/uploads\/2018\/10\/puntas-de-gondolas.jpg\" alt=\"\" width=\"536\" height=\"300\" srcset=\"https:\/\/edesign.com.pa\/web\/wp-content\/uploads\/2018\/10\/puntas-de-gondolas.jpg 536w, https:\/\/edesign.com.pa\/web\/wp-content\/uploads\/2018\/10\/puntas-de-gondolas-300x168.jpg 300w\" sizes=\"auto, (max-width: 536px) 100vw, 536px\" \/>\n<h2 class=\"titulo-servicios\">Puntas de G\u00f3ndolas<\/h2>\n<\/div>\n<div class=\"col-md-6\"><img loading=\"lazy\" decoding=\"async\" class=\"alignleft size-full wp-image-291\" src=\"https:\/\/edesign.com.pa\/web\/wp-content\/uploads\/2018\/10\/vinilos-decorativos.jpg\" alt=\"\" width=\"536\" height=\"300\" srcset=\"https:\/\/edesign.com.pa\/web\/wp-content\/uploads\/2018\/10\/vinilos-decorativos.jpg 536w, https:\/\/edesign.com.pa\/web\/wp-content\/uploads\/2018\/10\/vinilos-decorativos-300x168.jpg 300w\" sizes=\"auto, (max-width: 536px) 100vw, 536px\" \/>\n<h2 class=\"titulo-servicios\">Vinilo Adhesivo Decorativo<\/h2>\n<\/div>\n<div class=\"col-md-6\"><img loading=\"lazy\" decoding=\"async\" class=\"alignleft size-full wp-image-290\" src=\"https:\/\/edesign.com.pa\/web\/wp-content\/uploads\/2018\/10\/rotulacion-camion.jpg\" alt=\"\" width=\"536\" height=\"300\" srcset=\"https:\/\/edesign.com.pa\/web\/wp-content\/uploads\/2018\/10\/rotulacion-camion.jpg 536w, https:\/\/edesign.com.pa\/web\/wp-content\/uploads\/2018\/10\/rotulacion-camion-300x168.jpg 300w\" sizes=\"auto, (max-width: 536px) 100vw, 536px\" \/>\n<h2 class=\"titulo-servicios\">Rotulaci\u00f3n de Camiones y Veh\u00edculos<\/h2>\n<\/div>\n<div class=\"col-md-6\"><img loading=\"lazy\" decoding=\"async\" class=\"alignleft size-full wp-image-289\" src=\"https:\/\/edesign.com.pa\/web\/wp-content\/uploads\/2018\/10\/stands.jpg\" alt=\"\" width=\"536\" height=\"300\" srcset=\"https:\/\/edesign.com.pa\/web\/wp-content\/uploads\/2018\/10\/stands.jpg 536w, https:\/\/edesign.com.pa\/web\/wp-content\/uploads\/2018\/10\/stands-300x168.jpg 300w\" sizes=\"auto, (max-width: 536px) 100vw, 536px\" \/>\n<h2 class=\"titulo-servicios\">Stands, Displays y Pop Up<\/h2>\n<\/div>\n<div class=\"col-md-6\"><img loading=\"lazy\" decoding=\"async\" class=\"alignleft size-full wp-image-288\" src=\"https:\/\/edesign.com.pa\/web\/wp-content\/uploads\/2018\/10\/microperforado.jpg\" alt=\"\" width=\"536\" height=\"300\" srcset=\"https:\/\/edesign.com.pa\/web\/wp-content\/uploads\/2018\/10\/microperforado.jpg 536w, https:\/\/edesign.com.pa\/web\/wp-content\/uploads\/2018\/10\/microperforado-300x168.jpg 300w\" sizes=\"auto, (max-width: 536px) 100vw, 536px\" \/>\n<h2 class=\"titulo-servicios\">Esmerilado y Microperforado<\/h2>\n<\/div>\n<div class=\"col-md-6\"><img loading=\"lazy\" decoding=\"async\" class=\"alignleft size-full wp-image-287\" src=\"https:\/\/edesign.com.pa\/web\/wp-content\/uploads\/2018\/10\/banners.jpg\" alt=\"\" width=\"536\" height=\"300\" srcset=\"https:\/\/edesign.com.pa\/web\/wp-content\/uploads\/2018\/10\/banners.jpg 536w, https:\/\/edesign.com.pa\/web\/wp-content\/uploads\/2018\/10\/banners-300x168.jpg 300w\" sizes=\"auto, (max-width: 536px) 100vw, 536px\" \/>\n<h2 class=\"titulo-servicios\">Banners, Letreros y Se\u00f1alizaciones<\/h2>\n<\/div>\n<div class=\"col-md-6\"><img loading=\"lazy\" decoding=\"async\" class=\"alignleft size-full wp-image-287\" src=\"https:\/\/edesign.com.pa\/web\/wp-content\/uploads\/2019\/02\/happyornot.jpg\" alt=\"\" width=\"536\" height=\"300\" \/>\n<h2 class=\"titulo-servicios\">Happyornot<\/h2>\n<\/div>\n<div class=\"col-md-6\"><a href=\"https:\/\/edesign.com.pa\/web\/wp-content\/uploads\/2019\/02\/2018-2019.pdf\" target=\"_Blank\" rel=\"noopener\"><img loading=\"lazy\" decoding=\"async\" class=\"alignleft size-full wp-image-287\" src=\"https:\/\/edesign.com.pa\/web\/wp-content\/uploads\/2019\/02\/articulos-promocionales.jpg\" alt=\"\" width=\"536\" height=\"300\" \/><\/a>\n<h2 class=\"titulo-servicios\">Productos Promocionales<\/h2>\n<p><a class=\"link-pdf\" href=\"https:\/\/edesign.com.pa\/web\/publicidad-2\/catalogo-2022\/\" rel=\"noopener\">Cat\u00e1logo 2025<\/a><\/p>\n<\/div>\n<\/div>\n\n\n<p><\/p>\n","protected":false},"excerpt":{"rendered":"<p>Ofrecemos una variedad de soluciones innovadoras para ayudar que su marca o identidad de su empresa se comunique de manera efectiva a trav\u00e9s de la publicidad para interior y exterior. Puntas de G\u00f3ndolas Vinilo Adhesivo Decorativo Rotulaci\u00f3n de Camiones y Veh\u00edculos Stands, Displays y Pop Up Esmerilado y Microperforado Banners, Letreros y Se\u00f1alizaciones Happyornot Productos [&hellip;]<\/p>\n","protected":false},"author":1,"featured_media":0,"parent":0,"menu_order":0,"comment_status":"closed","ping_status":"closed","template":"","meta":{"_joinchat":[],"footnotes":""},"class_list":["post-150","page","type-page","status-publish","hentry"],"yoast_head":"<!-- This site is optimized with the Yoast SEO plugin v24.9 - https:\/\/yoast.com\/wordpress\/plugins\/seo\/ -->\n<title>Publicidad - Edesign<\/title>\n<meta name=\"robots\" content=\"index, follow, max-snippet:-1, max-image-preview:large, max-video-preview:-1\" \/>\n<link rel=\"canonical\" href=\"https:\/\/edesign.com.pa\/web\/publicidad-2\/\" \/>\n<meta property=\"og:locale\" content=\"es_ES\" \/>\n<meta property=\"og:type\" content=\"article\" \/>\n<meta property=\"og:title\" content=\"Publicidad - Edesign\" \/>\n<meta property=\"og:description\" content=\"Ofrecemos una variedad de soluciones innovadoras para ayudar que su marca o identidad de su empresa se comunique de manera efectiva a trav\u00e9s de la publicidad para interior y exterior. Puntas de G\u00f3ndolas Vinilo Adhesivo Decorativo Rotulaci\u00f3n de Camiones y Veh\u00edculos Stands, Displays y Pop Up Esmerilado y Microperforado Banners, Letreros y Se\u00f1alizaciones Happyornot Productos [&hellip;]\" \/>\n<meta property=\"og:url\" content=\"https:\/\/edesign.com.pa\/web\/publicidad-2\/\" \/>\n<meta property=\"og:site_name\" content=\"Edesign\" \/>\n<meta property=\"article:modified_time\" content=\"2025-04-23T14:32:44+00:00\" \/>\n<meta property=\"og:image\" content=\"https:\/\/edesign.com.pa\/web\/wp-content\/uploads\/2018\/10\/puntas-de-gondolas.jpg\" \/>\n\t<meta property=\"og:image:width\" content=\"536\" \/>\n\t<meta property=\"og:image:height\" content=\"300\" \/>\n\t<meta property=\"og:image:type\" content=\"image\/jpeg\" \/>\n<meta name=\"twitter:card\" content=\"summary_large_image\" \/>\n<meta name=\"twitter:label1\" content=\"Tiempo de lectura\" \/>\n\t<meta name=\"twitter:data1\" content=\"2 minutos\" \/>\n<script type=\"application\/ld+json\" class=\"yoast-schema-graph\">{\"@context\":\"https:\/\/schema.org\",\"@graph\":[{\"@type\":\"WebPage\",\"@id\":\"https:\/\/edesign.com.pa\/web\/publicidad-2\/\",\"url\":\"https:\/\/edesign.com.pa\/web\/publicidad-2\/\",\"name\":\"Publicidad - Edesign\",\"isPartOf\":{\"@id\":\"https:\/\/edesign.com.pa\/web\/#website\"},\"primaryImageOfPage\":{\"@id\":\"https:\/\/edesign.com.pa\/web\/publicidad-2\/#primaryimage\"},\"image\":{\"@id\":\"https:\/\/edesign.com.pa\/web\/publicidad-2\/#primaryimage\"},\"thumbnailUrl\":\"https:\/\/edesign.com.pa\/web\/wp-content\/uploads\/2018\/10\/puntas-de-gondolas.jpg\",\"datePublished\":\"2018-08-17T19:46:02+00:00\",\"dateModified\":\"2025-04-23T14:32:44+00:00\",\"breadcrumb\":{\"@id\":\"https:\/\/edesign.com.pa\/web\/publicidad-2\/#breadcrumb\"},\"inLanguage\":\"es\",\"potentialAction\":[{\"@type\":\"ReadAction\",\"target\":[\"https:\/\/edesign.com.pa\/web\/publicidad-2\/\"]}]},{\"@type\":\"ImageObject\",\"inLanguage\":\"es\",\"@id\":\"https:\/\/edesign.com.pa\/web\/publicidad-2\/#primaryimage\",\"url\":\"https:\/\/edesign.com.pa\/web\/wp-content\/uploads\/2018\/10\/puntas-de-gondolas.jpg\",\"contentUrl\":\"https:\/\/edesign.com.pa\/web\/wp-content\/uploads\/2018\/10\/puntas-de-gondolas.jpg\",\"width\":536,\"height\":300},{\"@type\":\"BreadcrumbList\",\"@id\":\"https:\/\/edesign.com.pa\/web\/publicidad-2\/#breadcrumb\",\"itemListElement\":[{\"@type\":\"ListItem\",\"position\":1,\"name\":\"Inicio\",\"item\":\"https:\/\/edesign.com.pa\/web\/\"},{\"@type\":\"ListItem\",\"position\":2,\"name\":\"Publicidad\"}]},{\"@type\":\"WebSite\",\"@id\":\"https:\/\/edesign.com.pa\/web\/#website\",\"url\":\"https:\/\/edesign.com.pa\/web\/\",\"name\":\"Edesign\",\"description\":\"Dise\u00f1o y Desarrollo de Aplicaciones Web\",\"publisher\":{\"@id\":\"https:\/\/edesign.com.pa\/web\/#organization\"},\"potentialAction\":[{\"@type\":\"SearchAction\",\"target\":{\"@type\":\"EntryPoint\",\"urlTemplate\":\"https:\/\/edesign.com.pa\/web\/?s={search_term_string}\"},\"query-input\":{\"@type\":\"PropertyValueSpecification\",\"valueRequired\":true,\"valueName\":\"search_term_string\"}}],\"inLanguage\":\"es\"},{\"@type\":\"Organization\",\"@id\":\"https:\/\/edesign.com.pa\/web\/#organization\",\"name\":\"Edesign\",\"url\":\"https:\/\/edesign.com.pa\/web\/\",\"logo\":{\"@type\":\"ImageObject\",\"inLanguage\":\"es\",\"@id\":\"https:\/\/edesign.com.pa\/web\/#\/schema\/logo\/image\/\",\"url\":\"https:\/\/i1.wp.com\/edesign.com.pa\/web\/wp-content\/uploads\/2019\/02\/logo-edesign.png?fit=1000%2C235&ssl=1\",\"contentUrl\":\"https:\/\/i1.wp.com\/edesign.com.pa\/web\/wp-content\/uploads\/2019\/02\/logo-edesign.png?fit=1000%2C235&ssl=1\",\"width\":1000,\"height\":235,\"caption\":\"Edesign\"},\"image\":{\"@id\":\"https:\/\/edesign.com.pa\/web\/#\/schema\/logo\/image\/\"}}]}<\/script>\n<!-- \/ Yoast SEO plugin. -->","yoast_head_json":{"title":"Publicidad - Edesign","robots":{"index":"index","follow":"follow","max-snippet":"max-snippet:-1","max-image-preview":"max-image-preview:large","max-video-preview":"max-video-preview:-1"},"canonical":"https:\/\/edesign.com.pa\/web\/publicidad-2\/","og_locale":"es_ES","og_type":"article","og_title":"Publicidad - Edesign","og_description":"Ofrecemos una variedad de soluciones innovadoras para ayudar que su marca o identidad de su empresa se comunique de manera efectiva a trav\u00e9s de la publicidad para interior y exterior. Puntas de G\u00f3ndolas Vinilo Adhesivo Decorativo Rotulaci\u00f3n de Camiones y Veh\u00edculos Stands, Displays y Pop Up Esmerilado y Microperforado Banners, Letreros y Se\u00f1alizaciones Happyornot Productos [&hellip;]","og_url":"https:\/\/edesign.com.pa\/web\/publicidad-2\/","og_site_name":"Edesign","article_modified_time":"2025-04-23T14:32:44+00:00","og_image":[{"width":536,"height":300,"url":"https:\/\/edesign.com.pa\/web\/wp-content\/uploads\/2018\/10\/puntas-de-gondolas.jpg","type":"image\/jpeg"}],"twitter_card":"summary_large_image","twitter_misc":{"Tiempo de lectura":"2 minutos"},"schema":{"@context":"https:\/\/schema.org","@graph":[{"@type":"WebPage","@id":"https:\/\/edesign.com.pa\/web\/publicidad-2\/","url":"https:\/\/edesign.com.pa\/web\/publicidad-2\/","name":"Publicidad - Edesign","isPartOf":{"@id":"https:\/\/edesign.com.pa\/web\/#website"},"primaryImageOfPage":{"@id":"https:\/\/edesign.com.pa\/web\/publicidad-2\/#primaryimage"},"image":{"@id":"https:\/\/edesign.com.pa\/web\/publicidad-2\/#primaryimage"},"thumbnailUrl":"https:\/\/edesign.com.pa\/web\/wp-content\/uploads\/2018\/10\/puntas-de-gondolas.jpg","datePublished":"2018-08-17T19:46:02+00:00","dateModified":"2025-04-23T14:32:44+00:00","breadcrumb":{"@id":"https:\/\/edesign.com.pa\/web\/publicidad-2\/#breadcrumb"},"inLanguage":"es","potentialAction":[{"@type":"ReadAction","target":["https:\/\/edesign.com.pa\/web\/publicidad-2\/"]}]},{"@type":"ImageObject","inLanguage":"es","@id":"https:\/\/edesign.com.pa\/web\/publicidad-2\/#primaryimage","url":"https:\/\/edesign.com.pa\/web\/wp-content\/uploads\/2018\/10\/puntas-de-gondolas.jpg","contentUrl":"https:\/\/edesign.com.pa\/web\/wp-content\/uploads\/2018\/10\/puntas-de-gondolas.jpg","width":536,"height":300},{"@type":"BreadcrumbList","@id":"https:\/\/edesign.com.pa\/web\/publicidad-2\/#breadcrumb","itemListElement":[{"@type":"ListItem","position":1,"name":"Inicio","item":"https:\/\/edesign.com.pa\/web\/"},{"@type":"ListItem","position":2,"name":"Publicidad"}]},{"@type":"WebSite","@id":"https:\/\/edesign.com.pa\/web\/#website","url":"https:\/\/edesign.com.pa\/web\/","name":"Edesign","description":"Dise\u00f1o y Desarrollo de Aplicaciones Web","publisher":{"@id":"https:\/\/edesign.com.pa\/web\/#organization"},"potentialAction":[{"@type":"SearchAction","target":{"@type":"EntryPoint","urlTemplate":"https:\/\/edesign.com.pa\/web\/?s={search_term_string}"},"query-input":{"@type":"PropertyValueSpecification","valueRequired":true,"valueName":"search_term_string"}}],"inLanguage":"es"},{"@type":"Organization","@id":"https:\/\/edesign.com.pa\/web\/#organization","name":"Edesign","url":"https:\/\/edesign.com.pa\/web\/","logo":{"@type":"ImageObject","inLanguage":"es","@id":"https:\/\/edesign.com.pa\/web\/#\/schema\/logo\/image\/","url":"https:\/\/i1.wp.com\/edesign.com.pa\/web\/wp-content\/uploads\/2019\/02\/logo-edesign.png?fit=1000%2C235&ssl=1","contentUrl":"https:\/\/i1.wp.com\/edesign.com.pa\/web\/wp-content\/uploads\/2019\/02\/logo-edesign.png?fit=1000%2C235&ssl=1","width":1000,"height":235,"caption":"Edesign"},"image":{"@id":"https:\/\/edesign.com.pa\/web\/#\/schema\/logo\/image\/"}}]}},"_links":{"self":[{"href":"https:\/\/edesign.com.pa\/web\/wp-json\/wp\/v2\/pages\/150","targetHints":{"allow":["GET"]}}],"collection":[{"href":"https:\/\/edesign.com.pa\/web\/wp-json\/wp\/v2\/pages"}],"about":[{"href":"https:\/\/edesign.com.pa\/web\/wp-json\/wp\/v2\/types\/page"}],"author":[{"embeddable":true,"href":"https:\/\/edesign.com.pa\/web\/wp-json\/wp\/v2\/users\/1"}],"replies":[{"embeddable":true,"href":"https:\/\/edesign.com.pa\/web\/wp-json\/wp\/v2\/comments?post=150"}],"version-history":[{"count":12,"href":"https:\/\/edesign.com.pa\/web\/wp-json\/wp\/v2\/pages\/150\/revisions"}],"predecessor-version":[{"id":1150,"href":"https:\/\/edesign.com.pa\/web\/wp-json\/wp\/v2\/pages\/150\/revisions\/1150"}],"wp:attachment":[{"href":"https:\/\/edesign.com.pa\/web\/wp-json\/wp\/v2\/media?parent=150"}],"curies":[{"name":"wp","href":"https:\/\/api.w.org\/{rel}","templated":true}]}}