{"id":134,"date":"2018-08-15T22:33:24","date_gmt":"2018-08-15T22:33:24","guid":{"rendered":"https:\/\/edesign.com.pa\/web\/?page_id=134"},"modified":"2018-08-15T22:40:21","modified_gmt":"2018-08-15T22:40:21","slug":"politicas-de-privacidad","status":"publish","type":"page","link":"https:\/\/edesign.com.pa\/web\/politicas-de-privacidad\/","title":{"rendered":"Pol\u00edticas de Privacidad"},"content":{"rendered":"<h2 style=\"text-align: center;\">Pol\u00edticas de Privacidad<\/h2>\n<p>Al realizar una compra de alg\u00fan servicio a EDESIGN, el cliente acepta expresamente y en su totalidad los acuerdos denominados \u00abT\u00e9rminos y condiciones del servicio\u00bb y \u00abPol\u00edticas de privacidad\u00bb.<\/p>\n<h4><strong>Informaci\u00f3n Personal<\/strong><\/h4>\n<p>Le solicitaremos informaci\u00f3n que le identifique personalmente (informaci\u00f3n personal) o que nos permita ponernos en contacto con usted cuando sea necesario para proporcionar un servicio o realizar una transacci\u00f3n que usted haya solicitado.<\/p>\n<p>La informaci\u00f3n personal recopilada puede incluir su nombre, el nombre de la empresa u organizaci\u00f3n, el correo electr\u00f3nico del trabajo, el tel\u00e9fono del trabajo, la direcci\u00f3n particular o del trabajo, informaci\u00f3n acerca de su empresa.<\/p>\n<h4><strong>Uso de la Informaci\u00f3n Personal<\/strong><\/h4>\n<p>La informaci\u00f3n personal recopilada en EDESIGN se utilizar\u00e1 para el funcionamiento del Sitio y para proporcionar los servicios que se hayan solicitado o autorizado.<\/p>\n<h4><strong>Seguridad de los Datos<\/strong><\/h4>\n<p>En tanto que el cliente d\u00e9 un uso legal a los recursos provistos por EDESIGN en la prestaci\u00f3n del servicio, la empresa se compromete a no revelar ni dar permiso expreso para utilizar la informaci\u00f3n personal que obtenga de parte del cliente en la realizaci\u00f3n de una transacci\u00f3n y asegura que los datos aportados por el cliente de la manera descrita solamente ser\u00e1n utilizados por la empresa para fines relacionados con la prestaci\u00f3n del servicio adquirido por el mismo.<\/p>\n<p>Toda la informaci\u00f3n que recogemos de nuestros CLIENTES se utiliza SOLAMENTE con prop\u00f3sitos del contacto y de la verificaci\u00f3n de la identidad. Para prevenir el acceso no autorizado a sus datos personales, mantener la fidelidad de los datos y asegurar el uso adecuado de la informaci\u00f3n, hemos implementado procedimientos f\u00edsicos, electr\u00f3nicos para resguardar y asegurar la informaci\u00f3n que recolectamos a trav\u00e9s de esta p\u00e1gina Web.<\/p>\n<h4><strong>Cambios en esta pol\u00edtica de privacidad<\/strong><\/h4>\n<p>Ocasionalmente haremos cambios de esta Pol\u00edtica de Privacidad que reflejen las observaciones internas y de los clientes. Cuando usted utiliza la p\u00e1gina de EDESIGN, Usted est\u00e1 expresando su acuerdo con los t\u00e9rminos de esta Pol\u00edtica de Privacidad. En caso de tener preguntas acerca de esta Pol\u00edtica de Privacidad, favor contactarnos en nuestra p\u00e1gina CONTACTO o por correo electr\u00f3nico a la siguiente direcci\u00f3n: <strong>info@edesign.com.pa<\/strong><\/p>\n<p><\/br><\/p>\n","protected":false},"excerpt":{"rendered":"<p>Pol\u00edticas de Privacidad Al realizar una compra de alg\u00fan servicio a EDESIGN, el cliente acepta expresamente y en su totalidad los acuerdos denominados \u00abT\u00e9rminos y condiciones del servicio\u00bb y \u00abPol\u00edticas de privacidad\u00bb. Informaci\u00f3n Personal Le solicitaremos informaci\u00f3n que le identifique personalmente (informaci\u00f3n personal) o que nos permita ponernos en contacto con usted cuando sea necesario [&hellip;]<\/p>\n","protected":false},"author":1,"featured_media":0,"parent":0,"menu_order":0,"comment_status":"closed","ping_status":"closed","template":"full-page.php","meta":{"_joinchat":[],"footnotes":""},"class_list":["post-134","page","type-page","status-publish","hentry"],"yoast_head":"<!-- This site is optimized with the Yoast SEO plugin v24.9 - https:\/\/yoast.com\/wordpress\/plugins\/seo\/ -->\n<title>Pol\u00edticas de Privacidad - Edesign<\/title>\n<meta name=\"robots\" content=\"index, follow, max-snippet:-1, max-image-preview:large, max-video-preview:-1\" \/>\n<link rel=\"canonical\" href=\"https:\/\/edesign.com.pa\/web\/politicas-de-privacidad\/\" \/>\n<meta property=\"og:locale\" content=\"es_ES\" \/>\n<meta property=\"og:type\" content=\"article\" \/>\n<meta property=\"og:title\" content=\"Pol\u00edticas de Privacidad - Edesign\" \/>\n<meta property=\"og:description\" content=\"Pol\u00edticas de Privacidad Al realizar una compra de alg\u00fan servicio a EDESIGN, el cliente acepta expresamente y en su totalidad los acuerdos denominados \u00abT\u00e9rminos y condiciones del servicio\u00bb y \u00abPol\u00edticas de privacidad\u00bb. Informaci\u00f3n Personal Le solicitaremos informaci\u00f3n que le identifique personalmente (informaci\u00f3n personal) o que nos permita ponernos en contacto con usted cuando sea necesario [&hellip;]\" \/>\n<meta property=\"og:url\" content=\"https:\/\/edesign.com.pa\/web\/politicas-de-privacidad\/\" \/>\n<meta property=\"og:site_name\" content=\"Edesign\" \/>\n<meta property=\"article:modified_time\" content=\"2018-08-15T22:40:21+00:00\" \/>\n<meta name=\"twitter:card\" content=\"summary_large_image\" \/>\n<meta name=\"twitter:label1\" content=\"Tiempo de lectura\" \/>\n\t<meta name=\"twitter:data1\" content=\"2 minutos\" \/>\n<script type=\"application\/ld+json\" class=\"yoast-schema-graph\">{\"@context\":\"https:\/\/schema.org\",\"@graph\":[{\"@type\":\"WebPage\",\"@id\":\"https:\/\/edesign.com.pa\/web\/politicas-de-privacidad\/\",\"url\":\"https:\/\/edesign.com.pa\/web\/politicas-de-privacidad\/\",\"name\":\"Pol\u00edticas de Privacidad - Edesign\",\"isPartOf\":{\"@id\":\"https:\/\/edesign.com.pa\/web\/#website\"},\"datePublished\":\"2018-08-15T22:33:24+00:00\",\"dateModified\":\"2018-08-15T22:40:21+00:00\",\"breadcrumb\":{\"@id\":\"https:\/\/edesign.com.pa\/web\/politicas-de-privacidad\/#breadcrumb\"},\"inLanguage\":\"es\",\"potentialAction\":[{\"@type\":\"ReadAction\",\"target\":[\"https:\/\/edesign.com.pa\/web\/politicas-de-privacidad\/\"]}]},{\"@type\":\"BreadcrumbList\",\"@id\":\"https:\/\/edesign.com.pa\/web\/politicas-de-privacidad\/#breadcrumb\",\"itemListElement\":[{\"@type\":\"ListItem\",\"position\":1,\"name\":\"Inicio\",\"item\":\"https:\/\/edesign.com.pa\/web\/\"},{\"@type\":\"ListItem\",\"position\":2,\"name\":\"Pol\u00edticas de Privacidad\"}]},{\"@type\":\"WebSite\",\"@id\":\"https:\/\/edesign.com.pa\/web\/#website\",\"url\":\"https:\/\/edesign.com.pa\/web\/\",\"name\":\"Edesign\",\"description\":\"Dise\u00f1o y Desarrollo de Aplicaciones Web\",\"publisher\":{\"@id\":\"https:\/\/edesign.com.pa\/web\/#organization\"},\"potentialAction\":[{\"@type\":\"SearchAction\",\"target\":{\"@type\":\"EntryPoint\",\"urlTemplate\":\"https:\/\/edesign.com.pa\/web\/?s={search_term_string}\"},\"query-input\":{\"@type\":\"PropertyValueSpecification\",\"valueRequired\":true,\"valueName\":\"search_term_string\"}}],\"inLanguage\":\"es\"},{\"@type\":\"Organization\",\"@id\":\"https:\/\/edesign.com.pa\/web\/#organization\",\"name\":\"Edesign\",\"url\":\"https:\/\/edesign.com.pa\/web\/\",\"logo\":{\"@type\":\"ImageObject\",\"inLanguage\":\"es\",\"@id\":\"https:\/\/edesign.com.pa\/web\/#\/schema\/logo\/image\/\",\"url\":\"https:\/\/i1.wp.com\/edesign.com.pa\/web\/wp-content\/uploads\/2019\/02\/logo-edesign.png?fit=1000%2C235&ssl=1\",\"contentUrl\":\"https:\/\/i1.wp.com\/edesign.com.pa\/web\/wp-content\/uploads\/2019\/02\/logo-edesign.png?fit=1000%2C235&ssl=1\",\"width\":1000,\"height\":235,\"caption\":\"Edesign\"},\"image\":{\"@id\":\"https:\/\/edesign.com.pa\/web\/#\/schema\/logo\/image\/\"}}]}<\/script>\n<!-- \/ Yoast SEO plugin. -->","yoast_head_json":{"title":"Pol\u00edticas de Privacidad - Edesign","robots":{"index":"index","follow":"follow","max-snippet":"max-snippet:-1","max-image-preview":"max-image-preview:large","max-video-preview":"max-video-preview:-1"},"canonical":"https:\/\/edesign.com.pa\/web\/politicas-de-privacidad\/","og_locale":"es_ES","og_type":"article","og_title":"Pol\u00edticas de Privacidad - Edesign","og_description":"Pol\u00edticas de Privacidad Al realizar una compra de alg\u00fan servicio a EDESIGN, el cliente acepta expresamente y en su totalidad los acuerdos denominados \u00abT\u00e9rminos y condiciones del servicio\u00bb y \u00abPol\u00edticas de privacidad\u00bb. Informaci\u00f3n Personal Le solicitaremos informaci\u00f3n que le identifique personalmente (informaci\u00f3n personal) o que nos permita ponernos en contacto con usted cuando sea necesario [&hellip;]","og_url":"https:\/\/edesign.com.pa\/web\/politicas-de-privacidad\/","og_site_name":"Edesign","article_modified_time":"2018-08-15T22:40:21+00:00","twitter_card":"summary_large_image","twitter_misc":{"Tiempo de lectura":"2 minutos"},"schema":{"@context":"https:\/\/schema.org","@graph":[{"@type":"WebPage","@id":"https:\/\/edesign.com.pa\/web\/politicas-de-privacidad\/","url":"https:\/\/edesign.com.pa\/web\/politicas-de-privacidad\/","name":"Pol\u00edticas de Privacidad - Edesign","isPartOf":{"@id":"https:\/\/edesign.com.pa\/web\/#website"},"datePublished":"2018-08-15T22:33:24+00:00","dateModified":"2018-08-15T22:40:21+00:00","breadcrumb":{"@id":"https:\/\/edesign.com.pa\/web\/politicas-de-privacidad\/#breadcrumb"},"inLanguage":"es","potentialAction":[{"@type":"ReadAction","target":["https:\/\/edesign.com.pa\/web\/politicas-de-privacidad\/"]}]},{"@type":"BreadcrumbList","@id":"https:\/\/edesign.com.pa\/web\/politicas-de-privacidad\/#breadcrumb","itemListElement":[{"@type":"ListItem","position":1,"name":"Inicio","item":"https:\/\/edesign.com.pa\/web\/"},{"@type":"ListItem","position":2,"name":"Pol\u00edticas de Privacidad"}]},{"@type":"WebSite","@id":"https:\/\/edesign.com.pa\/web\/#website","url":"https:\/\/edesign.com.pa\/web\/","name":"Edesign","description":"Dise\u00f1o y Desarrollo de Aplicaciones Web","publisher":{"@id":"https:\/\/edesign.com.pa\/web\/#organization"},"potentialAction":[{"@type":"SearchAction","target":{"@type":"EntryPoint","urlTemplate":"https:\/\/edesign.com.pa\/web\/?s={search_term_string}"},"query-input":{"@type":"PropertyValueSpecification","valueRequired":true,"valueName":"search_term_string"}}],"inLanguage":"es"},{"@type":"Organization","@id":"https:\/\/edesign.com.pa\/web\/#organization","name":"Edesign","url":"https:\/\/edesign.com.pa\/web\/","logo":{"@type":"ImageObject","inLanguage":"es","@id":"https:\/\/edesign.com.pa\/web\/#\/schema\/logo\/image\/","url":"https:\/\/i1.wp.com\/edesign.com.pa\/web\/wp-content\/uploads\/2019\/02\/logo-edesign.png?fit=1000%2C235&ssl=1","contentUrl":"https:\/\/i1.wp.com\/edesign.com.pa\/web\/wp-content\/uploads\/2019\/02\/logo-edesign.png?fit=1000%2C235&ssl=1","width":1000,"height":235,"caption":"Edesign"},"image":{"@id":"https:\/\/edesign.com.pa\/web\/#\/schema\/logo\/image\/"}}]}},"_links":{"self":[{"href":"https:\/\/edesign.com.pa\/web\/wp-json\/wp\/v2\/pages\/134","targetHints":{"allow":["GET"]}}],"collection":[{"href":"https:\/\/edesign.com.pa\/web\/wp-json\/wp\/v2\/pages"}],"about":[{"href":"https:\/\/edesign.com.pa\/web\/wp-json\/wp\/v2\/types\/page"}],"author":[{"embeddable":true,"href":"https:\/\/edesign.com.pa\/web\/wp-json\/wp\/v2\/users\/1"}],"replies":[{"embeddable":true,"href":"https:\/\/edesign.com.pa\/web\/wp-json\/wp\/v2\/comments?post=134"}],"version-history":[{"count":0,"href":"https:\/\/edesign.com.pa\/web\/wp-json\/wp\/v2\/pages\/134\/revisions"}],"wp:attachment":[{"href":"https:\/\/edesign.com.pa\/web\/wp-json\/wp\/v2\/media?parent=134"}],"curies":[{"name":"wp","href":"https:\/\/api.w.org\/{rel}","templated":true}]}}